{"id":983,"date":"2025-12-05T20:14:26","date_gmt":"2025-12-05T20:14:26","guid":{"rendered":"https:\/\/butik.locktorp.se\/?post_type=product&#038;p=983"},"modified":"2026-02-04T14:01:29","modified_gmt":"2026-02-04T14:01:29","slug":"skinn-22069","status":"publish","type":"product","link":"https:\/\/butik.locktorp.se\/?product=skinn-22069","title":{"rendered":"Skinn 22069"},"content":{"rendered":"<p>Lammskinn 22069 gr\u00e5<\/p>\n<p>Pl\u00e4dberett gotlandsf\u00e5rskinn tv\u00e4ttbart\u00a0i tv\u00e4ttmaskin 30 grader eller handtv\u00e4tt<br \/>\nL\u00e4ngd p\u00e5 ullen ca 3,5 cm.<\/p>\n<p>T\u00e4nk p\u00e5 att\u2026<br \/>\n1. Observera att l\u00e4dersidan p\u00e5 ett skinn ofta f\u00e4ller lite n\u00e4r det \u00e4r nytt. D\u00e4rf\u00f6r kan det<br \/>\nvara bra att l\u00e4gga ett skydd emellan m\u00f6rka tyger och att man ser efter n\u00e4r det har legat en stund<br \/>\ns\u00e5 att det inte blir f\u00f6r mycket. Man kan oftast f\u00e5 bort f\u00e4llningen med en kl\u00e4drulle eller l\u00e4tt fuktad<br \/>\ntrasa.<\/p>\n<p>2. En del skinn kan ha sm\u00e5 h\u00e5l i l\u00e4dret oavsett pris. Dessa h\u00e5l kan uppst\u00e5 under beredningen och<br \/>\n\u00e4r en naturlig del av ett berett skinn. Vid st\u00f6rre eller mer synliga skador beskrivs de i<br \/>\nartikeltexten.<\/p>\n","protected":false},"excerpt":{"rendered":"<p>Pl\u00e4dberett f\u00e5rskinn (saknar lite p\u00e5 ett framben)<br \/>\nfr\u00e5n Gotlandsf\u00e5r tv\u00e4ttbart i tv\u00e4ttmaskin 30 grader eller handtv\u00e4tt<br \/>\nca: 105 * 75 cm<\/p>\n","protected":false},"featured_media":984,"comment_status":"open","ping_status":"closed","template":"","meta":{"_kadence_starter_templates_imported_post":false,"_kad_post_transparent":"default","_kad_post_title":"","_kad_post_layout":"default","_kad_post_sidebar_id":"","_kad_post_content_style":"default","_kad_post_vertical_padding":"default","_kad_post_feature":"","_kad_post_feature_position":"","_kad_post_header":false,"_kad_post_footer":false,"_kad_post_classname":""},"product_brand":[],"product_cat":[19,48],"product_tag":[67,46],"class_list":{"0":"post-983","1":"product","2":"type-product","3":"status-publish","4":"has-post-thumbnail","6":"product_cat-farskinn","7":"product_cat-gotlandsfarskinn","8":"product_tag-farskinn","9":"product_tag-gotlandsfarskinn","10":"product_shipping_class-postnord-2000-g","12":"first","13":"outofstock","14":"sold-individually","15":"taxable","16":"shipping-taxable","17":"purchasable","18":"product-type-simple","19":"entry","20":"content-bg","21":"loop-entry"},"aioseo_notices":[],"jetpack_sharing_enabled":true,"_links":{"self":[{"href":"https:\/\/butik.locktorp.se\/index.php?rest_route=\/wp\/v2\/product\/983","targetHints":{"allow":["GET"]}}],"collection":[{"href":"https:\/\/butik.locktorp.se\/index.php?rest_route=\/wp\/v2\/product"}],"about":[{"href":"https:\/\/butik.locktorp.se\/index.php?rest_route=\/wp\/v2\/types\/product"}],"replies":[{"embeddable":true,"href":"https:\/\/butik.locktorp.se\/index.php?rest_route=%2Fwp%2Fv2%2Fcomments&post=983"}],"wp:featuredmedia":[{"embeddable":true,"href":"https:\/\/butik.locktorp.se\/index.php?rest_route=\/wp\/v2\/media\/984"}],"wp:attachment":[{"href":"https:\/\/butik.locktorp.se\/index.php?rest_route=%2Fwp%2Fv2%2Fmedia&parent=983"}],"wp:term":[{"taxonomy":"product_brand","embeddable":true,"href":"https:\/\/butik.locktorp.se\/index.php?rest_route=%2Fwp%2Fv2%2Fproduct_brand&post=983"},{"taxonomy":"product_cat","embeddable":true,"href":"https:\/\/butik.locktorp.se\/index.php?rest_route=%2Fwp%2Fv2%2Fproduct_cat&post=983"},{"taxonomy":"product_tag","embeddable":true,"href":"https:\/\/butik.locktorp.se\/index.php?rest_route=%2Fwp%2Fv2%2Fproduct_tag&post=983"}],"curies":[{"name":"wp","href":"https:\/\/api.w.org\/{rel}","templated":true}]}}