{"id":862,"date":"2025-11-28T19:20:29","date_gmt":"2025-11-28T19:20:29","guid":{"rendered":"https:\/\/butik.locktorp.se\/?post_type=product&#038;p=862"},"modified":"2025-12-06T09:31:21","modified_gmt":"2025-12-06T09:31:21","slug":"gotlandsfarull","status":"publish","type":"product","link":"https:\/\/butik.locktorp.se\/?product=gotlandsfarull","title":{"rendered":"Gotlandsf\u00e5rull"},"content":{"rendered":"<p>Ull fr\u00e5n gotlandsf\u00e5r i p\u00e5sar med 100 g<\/p>\n","protected":false},"excerpt":{"rendered":"<p>Ull fr\u00e5n gotlandsf\u00e5r i p\u00e5sar med 100 g<\/p>\n","protected":false},"featured_media":863,"comment_status":"open","ping_status":"closed","template":"","meta":{"_kadence_starter_templates_imported_post":false,"_kad_post_transparent":"default","_kad_post_title":"","_kad_post_layout":"default","_kad_post_sidebar_id":"","_kad_post_content_style":"default","_kad_post_vertical_padding":"default","_kad_post_feature":"","_kad_post_feature_position":"","_kad_post_header":false,"_kad_post_footer":false,"_kad_post_classname":""},"product_brand":[],"product_cat":[65],"product_tag":[84,83],"class_list":{"0":"post-862","1":"product","2":"type-product","3":"status-publish","4":"has-post-thumbnail","6":"product_cat-ull","7":"product_tag-gotlandsfar","8":"product_tag-ull","9":"product_shipping_class-postnord-250-g","11":"first","12":"instock","13":"taxable","14":"shipping-taxable","15":"purchasable","16":"product-type-simple","17":"entry","18":"content-bg","19":"loop-entry"},"aioseo_notices":[],"jetpack_sharing_enabled":true,"_links":{"self":[{"href":"https:\/\/butik.locktorp.se\/index.php?rest_route=\/wp\/v2\/product\/862","targetHints":{"allow":["GET"]}}],"collection":[{"href":"https:\/\/butik.locktorp.se\/index.php?rest_route=\/wp\/v2\/product"}],"about":[{"href":"https:\/\/butik.locktorp.se\/index.php?rest_route=\/wp\/v2\/types\/product"}],"replies":[{"embeddable":true,"href":"https:\/\/butik.locktorp.se\/index.php?rest_route=%2Fwp%2Fv2%2Fcomments&post=862"}],"wp:featuredmedia":[{"embeddable":true,"href":"https:\/\/butik.locktorp.se\/index.php?rest_route=\/wp\/v2\/media\/863"}],"wp:attachment":[{"href":"https:\/\/butik.locktorp.se\/index.php?rest_route=%2Fwp%2Fv2%2Fmedia&parent=862"}],"wp:term":[{"taxonomy":"product_brand","embeddable":true,"href":"https:\/\/butik.locktorp.se\/index.php?rest_route=%2Fwp%2Fv2%2Fproduct_brand&post=862"},{"taxonomy":"product_cat","embeddable":true,"href":"https:\/\/butik.locktorp.se\/index.php?rest_route=%2Fwp%2Fv2%2Fproduct_cat&post=862"},{"taxonomy":"product_tag","embeddable":true,"href":"https:\/\/butik.locktorp.se\/index.php?rest_route=%2Fwp%2Fv2%2Fproduct_tag&post=862"}],"curies":[{"name":"wp","href":"https:\/\/api.w.org\/{rel}","templated":true}]}}