{"id":792,"date":"2025-09-12T11:50:12","date_gmt":"2025-09-12T11:50:12","guid":{"rendered":"https:\/\/butik.locktorp.se\/?post_type=product&#038;p=792"},"modified":"2025-12-06T17:20:16","modified_gmt":"2025-12-06T17:20:16","slug":"vit-lang-boa","status":"publish","type":"product","link":"https:\/\/butik.locktorp.se\/?product=vit-lang-boa","title":{"rendered":"Vit l\u00e5ng boa"},"content":{"rendered":"<p>Halsboa i vitt l\u00e5ngh\u00e5rigt leicesterf\u00e5rskinn ca: 1,5 m.<\/p>\n","protected":false},"excerpt":{"rendered":"<p>L\u00e5ng halsboa ca: 1,5 m i l\u00e5ngh\u00e5rigt vitt leicesterf\u00e5rskinn.<\/p>\n","protected":false},"featured_media":1031,"comment_status":"open","ping_status":"closed","template":"","meta":{"_kadence_starter_templates_imported_post":false,"_kad_post_transparent":"default","_kad_post_title":"","_kad_post_layout":"default","_kad_post_sidebar_id":"","_kad_post_content_style":"default","_kad_post_vertical_padding":"default","_kad_post_feature":"","_kad_post_feature_position":"","_kad_post_header":false,"_kad_post_footer":false,"_kad_post_classname":""},"product_brand":[],"product_cat":[23],"product_tag":[93,64,68],"class_list":{"0":"post-792","1":"product","2":"type-product","3":"status-publish","4":"has-post-thumbnail","6":"product_cat-accessoarer","7":"product_tag-accesoarer","8":"product_tag-halsboa","9":"product_tag-leicesterfarskinn","10":"product_shipping_class-postnord-250-g","12":"first","13":"instock","14":"sold-individually","15":"taxable","16":"shipping-taxable","17":"purchasable","18":"product-type-simple","19":"entry","20":"content-bg","21":"loop-entry"},"aioseo_notices":[],"jetpack_sharing_enabled":true,"_links":{"self":[{"href":"https:\/\/butik.locktorp.se\/index.php?rest_route=\/wp\/v2\/product\/792","targetHints":{"allow":["GET"]}}],"collection":[{"href":"https:\/\/butik.locktorp.se\/index.php?rest_route=\/wp\/v2\/product"}],"about":[{"href":"https:\/\/butik.locktorp.se\/index.php?rest_route=\/wp\/v2\/types\/product"}],"replies":[{"embeddable":true,"href":"https:\/\/butik.locktorp.se\/index.php?rest_route=%2Fwp%2Fv2%2Fcomments&post=792"}],"wp:featuredmedia":[{"embeddable":true,"href":"https:\/\/butik.locktorp.se\/index.php?rest_route=\/wp\/v2\/media\/1031"}],"wp:attachment":[{"href":"https:\/\/butik.locktorp.se\/index.php?rest_route=%2Fwp%2Fv2%2Fmedia&parent=792"}],"wp:term":[{"taxonomy":"product_brand","embeddable":true,"href":"https:\/\/butik.locktorp.se\/index.php?rest_route=%2Fwp%2Fv2%2Fproduct_brand&post=792"},{"taxonomy":"product_cat","embeddable":true,"href":"https:\/\/butik.locktorp.se\/index.php?rest_route=%2Fwp%2Fv2%2Fproduct_cat&post=792"},{"taxonomy":"product_tag","embeddable":true,"href":"https:\/\/butik.locktorp.se\/index.php?rest_route=%2Fwp%2Fv2%2Fproduct_tag&post=792"}],"curies":[{"name":"wp","href":"https:\/\/api.w.org\/{rel}","templated":true}]}}