{"id":1018,"date":"2025-12-06T16:41:10","date_gmt":"2025-12-06T16:41:10","guid":{"rendered":"https:\/\/butik.locktorp.se\/?post_type=product&#038;p=1018"},"modified":"2025-12-06T16:41:12","modified_gmt":"2025-12-06T16:41:12","slug":"vaska-i-farskinn-och-lammnappa-ca-40-40-cm-stor","status":"publish","type":"product","link":"https:\/\/butik.locktorp.se\/?product=vaska-i-farskinn-och-lammnappa-ca-40-40-cm-stor","title":{"rendered":"V\u00e4ska i f\u00e5rskinn och lammnappa ca: 40 * 40 cm stor"},"content":{"rendered":"<p>V\u00e4ska i f\u00e5rskinn och lammnappa ca: 40 * 40 cm stor<\/p>\n","protected":false},"excerpt":{"rendered":"<p>V\u00e4ska i f\u00e5rskinn och lammnappa ca: 40 * 40 cm stor<\/p>\n","protected":false},"featured_media":1019,"comment_status":"open","ping_status":"closed","template":"","meta":{"_kadence_starter_templates_imported_post":false,"_kad_post_transparent":"default","_kad_post_title":"","_kad_post_layout":"default","_kad_post_sidebar_id":"","_kad_post_content_style":"default","_kad_post_vertical_padding":"default","_kad_post_feature":"","_kad_post_feature_position":"","_kad_post_header":false,"_kad_post_footer":false,"_kad_post_classname":""},"product_brand":[],"product_cat":[23],"product_tag":[67,46,89,91],"class_list":{"0":"post-1018","1":"product","2":"type-product","3":"status-publish","4":"has-post-thumbnail","6":"product_cat-accessoarer","7":"product_tag-farskinn","8":"product_tag-gotlandsfarskinn","9":"product_tag-nappa","10":"product_tag-vaska","11":"product_shipping_class-postnord-500-g","13":"first","14":"instock","15":"sale","16":"sold-individually","17":"taxable","18":"shipping-taxable","19":"purchasable","20":"product-type-simple","21":"entry","22":"content-bg","23":"loop-entry"},"aioseo_notices":[],"jetpack_sharing_enabled":true,"_links":{"self":[{"href":"https:\/\/butik.locktorp.se\/index.php?rest_route=\/wp\/v2\/product\/1018","targetHints":{"allow":["GET"]}}],"collection":[{"href":"https:\/\/butik.locktorp.se\/index.php?rest_route=\/wp\/v2\/product"}],"about":[{"href":"https:\/\/butik.locktorp.se\/index.php?rest_route=\/wp\/v2\/types\/product"}],"replies":[{"embeddable":true,"href":"https:\/\/butik.locktorp.se\/index.php?rest_route=%2Fwp%2Fv2%2Fcomments&post=1018"}],"wp:featuredmedia":[{"embeddable":true,"href":"https:\/\/butik.locktorp.se\/index.php?rest_route=\/wp\/v2\/media\/1019"}],"wp:attachment":[{"href":"https:\/\/butik.locktorp.se\/index.php?rest_route=%2Fwp%2Fv2%2Fmedia&parent=1018"}],"wp:term":[{"taxonomy":"product_brand","embeddable":true,"href":"https:\/\/butik.locktorp.se\/index.php?rest_route=%2Fwp%2Fv2%2Fproduct_brand&post=1018"},{"taxonomy":"product_cat","embeddable":true,"href":"https:\/\/butik.locktorp.se\/index.php?rest_route=%2Fwp%2Fv2%2Fproduct_cat&post=1018"},{"taxonomy":"product_tag","embeddable":true,"href":"https:\/\/butik.locktorp.se\/index.php?rest_route=%2Fwp%2Fv2%2Fproduct_tag&post=1018"}],"curies":[{"name":"wp","href":"https:\/\/api.w.org\/{rel}","templated":true}]}}